{"id":15,"date":"2013-09-04T16:06:05","date_gmt":"2013-09-04T14:06:05","guid":{"rendered":"http:\/\/bsfastighetsab.se\/?page_id=15"},"modified":"2014-05-07T09:39:27","modified_gmt":"2014-05-07T07:39:27","slug":"fastigheter","status":"publish","type":"page","link":"http:\/\/bsfastighetsab.se\/?page_id=15","title":{"rendered":"Fastigheter"},"content":{"rendered":"<p><strong>Fastigheterna\u00a0<\/strong>\u00e4r bel\u00e4gna i H\u00e4gersten, Bandhagen och Hammarbyh\u00f6jden.<\/p>\n","protected":false},"excerpt":{"rendered":"<p>Fastigheterna\u00a0\u00e4r bel\u00e4gna i H\u00e4gersten, Bandhagen och Hammarbyh\u00f6jden.<\/p>\n","protected":false},"author":1,"featured_media":0,"parent":0,"menu_order":0,"comment_status":"closed","ping_status":"open","template":"page-fastigheter.php","meta":[],"acf":[],"_links":{"self":[{"href":"http:\/\/bsfastighetsab.se\/index.php?rest_route=\/wp\/v2\/pages\/15"}],"collection":[{"href":"http:\/\/bsfastighetsab.se\/index.php?rest_route=\/wp\/v2\/pages"}],"about":[{"href":"http:\/\/bsfastighetsab.se\/index.php?rest_route=\/wp\/v2\/types\/page"}],"author":[{"embeddable":true,"href":"http:\/\/bsfastighetsab.se\/index.php?rest_route=\/wp\/v2\/users\/1"}],"replies":[{"embeddable":true,"href":"http:\/\/bsfastighetsab.se\/index.php?rest_route=%2Fwp%2Fv2%2Fcomments&post=15"}],"version-history":[{"count":3,"href":"http:\/\/bsfastighetsab.se\/index.php?rest_route=\/wp\/v2\/pages\/15\/revisions"}],"predecessor-version":[{"id":81,"href":"http:\/\/bsfastighetsab.se\/index.php?rest_route=\/wp\/v2\/pages\/15\/revisions\/81"}],"wp:attachment":[{"href":"http:\/\/bsfastighetsab.se\/index.php?rest_route=%2Fwp%2Fv2%2Fmedia&parent=15"}],"curies":[{"name":"wp","href":"https:\/\/api.w.org\/{rel}","templated":true}]}}