{"id":39,"date":"2013-09-17T10:15:22","date_gmt":"2013-09-17T08:15:22","guid":{"rendered":"http:\/\/bsfastighetsab.se\/?page_id=39"},"modified":"2026-02-03T10:53:34","modified_gmt":"2026-02-03T09:53:34","slug":"felanmalan-2","status":"publish","type":"page","link":"http:\/\/bsfastighetsab.se\/?page_id=39","title":{"rendered":"Felanm\u00e4lan"},"content":{"rendered":"<p><strong>Vi<\/strong> sammarbetar med Driftia F\u00f6rvaltning AB. F\u00f6r felanm\u00e4lan f\u00f6lj l\u00e4nken h\u00e4r nedanf\u00f6r. Eller kontakta dem direkt p\u00e5 <strong>08 744 44 33<\/strong>. Driftia har \u00e4ven jour ut\u00f6ver ordinarie kontorstid.<\/p>\n","protected":false},"excerpt":{"rendered":"<p>Vi sammarbetar med Driftia F\u00f6rvaltning AB. F\u00f6r felanm\u00e4lan f\u00f6lj l\u00e4nken h\u00e4r nedanf\u00f6r. Eller kontakta dem direkt p\u00e5 08 744 44 33. Driftia har \u00e4ven jour ut\u00f6ver ordinarie kontorstid.<\/p>\n","protected":false},"author":1,"featured_media":0,"parent":0,"menu_order":0,"comment_status":"closed","ping_status":"closed","template":"page-felanmalan.php","meta":[],"acf":[],"_links":{"self":[{"href":"http:\/\/bsfastighetsab.se\/index.php?rest_route=\/wp\/v2\/pages\/39"}],"collection":[{"href":"http:\/\/bsfastighetsab.se\/index.php?rest_route=\/wp\/v2\/pages"}],"about":[{"href":"http:\/\/bsfastighetsab.se\/index.php?rest_route=\/wp\/v2\/types\/page"}],"author":[{"embeddable":true,"href":"http:\/\/bsfastighetsab.se\/index.php?rest_route=\/wp\/v2\/users\/1"}],"replies":[{"embeddable":true,"href":"http:\/\/bsfastighetsab.se\/index.php?rest_route=%2Fwp%2Fv2%2Fcomments&post=39"}],"version-history":[{"count":5,"href":"http:\/\/bsfastighetsab.se\/index.php?rest_route=\/wp\/v2\/pages\/39\/revisions"}],"predecessor-version":[{"id":106,"href":"http:\/\/bsfastighetsab.se\/index.php?rest_route=\/wp\/v2\/pages\/39\/revisions\/106"}],"wp:attachment":[{"href":"http:\/\/bsfastighetsab.se\/index.php?rest_route=%2Fwp%2Fv2%2Fmedia&parent=39"}],"curies":[{"name":"wp","href":"https:\/\/api.w.org\/{rel}","templated":true}]}}